{"id":104,"date":"2018-05-22T21:51:57","date_gmt":"2018-05-22T19:51:57","guid":{"rendered":"http:\/\/kine-osteo-nantes.com\/?page_id=104"},"modified":"2018-05-22T22:13:12","modified_gmt":"2018-05-22T20:13:12","slug":"specialites","status":"publish","type":"page","link":"https:\/\/kine-osteo-nantes.com\/index.php\/specialites\/","title":{"rendered":"Sp\u00e9cialit\u00e9s"},"content":{"rendered":"<p><strong>L&rsquo;OST\u00c9OPATHIE<\/strong><\/p>\n<p>L\u2019<strong>ost\u00e9opathie<\/strong>\u00a0est une m\u00e9thode de soins qui s\u2019emploie \u00e0\u00a0d\u00e9terminer et \u00e0\u00a0traiter les restrictions de mobilit\u00e9 qui peuvent affecter l\u2019ensemble des structures composant le corps humain.<br \/>\nToute perte de mobilit\u00e9 des articulations, des muscles, des ligaments ou des visc\u00e8res peut provoquer un d\u00e9s\u00e9quilibre de l\u2019\u00e9tat de sant\u00e9. L\u2019ost\u00e9opathie est fond\u00e9e sur la capacit\u00e9 du corps \u00e0 s\u2019auto-\u00e9quilibrer et sur une connaissance approfondie de l\u2019anatomie.<\/p>\n<p>L\u2019<strong>ost\u00e9opathie\u00a0<\/strong>est une th\u00e9rapie manuelle qui consiste, dans une compr\u00e9hension globale du patient, \u00e0 pr\u00e9venir, diagnostiquer et traiter les dysfonctions de la mobilit\u00e9 des structures du corps humain, qu\u2019elles soient articulaires ou tissulaires, susceptibles d\u2019en alt\u00e9rer l\u2019\u00e9tat de sant\u00e9.<\/p>\n<p>Apr\u00e8s un interrogatoire et un examen approfondi des bilans radiologiques et biologiques du patient, l\u2019ost\u00e9opathe va pr\u00e9cis\u00e9ment d\u00e9terminer les indications et contre-indications de sa th\u00e9rapie. Gr\u00e2ce \u00e0 des tests palpatoires sp\u00e9cifiques, l\u2019ost\u00e9opathe trouve les zones du corps pr\u00e9sentant des restrictions de mouvements susceptibles d\u2019alt\u00e9rer l\u2019\u00e9tat de sant\u00e9. Les mains de l\u2019ost\u00e9opathe vont chercher, trouver et r\u00e9harmoniser l\u2019ensemble des structures perturb\u00e9es dans leur mobilit\u00e9. L\u2019ost\u00e9opathe choisit la technique la mieux adapt\u00e9e et la plus confortable pour chaque patient en fonction de son \u00e2ge et de sa morphologie. Le geste ost\u00e9opathique doit \u00eatre le plus doux, le plus indolore possible et fait appel \u00e0 la mobilit\u00e9 propre de chaque tissu.<\/p>\n<p>L\u2019ost\u00e9opathie traite l\u2019origine des troubles fonctionnels. En aucun cas, les patients ne doivent se dispenser des bilans et examens m\u00e9dicaux conventionnels.<\/p>\n<p>Selon les d\u00e9finitions et principes annonc\u00e9s, l\u2019ost\u00e9opathie int\u00e9resse :<\/p>\n<ul>\n<li>Le syst\u00e8me orthop\u00e9dique et locomoteur : entorses, tendinites, lombalgies, dorsalgies, costalgies, cervicalgies, p\u00e9riarthrites de l\u2019\u00e9paule, douleurs articulaires, scolioses, pubalgies, douleurs coccygiennes, blocage de m\u00e2choires\u2026<\/li>\n<li>Le syst\u00e8me neurologique : sciatiques, n\u00e9vralgies cervico-brachiales et d\u2019Arnold, n\u00e9vralgies faciales, cruralgies, n\u00e9vralgies intercostales\u2026<\/li>\n<li>Le syst\u00e8me cardio-vasculaire : troubles circulatoires des membres inf\u00e9rieurs, congestion veineuse, h\u00e9morro\u00efdes, palpitations, oppressions\u2026<\/li>\n<li>Le syst\u00e8me digestif : ballonnements, hernie hiatale, flatulence, colites, constipation, pt\u00f4ses d\u2019organes, digestion difficile\u2026<\/li>\n<li>Le syst\u00e8me g\u00e9nito-urinaire : douleurs et dysfonctions gyn\u00e9cologiques, suivi ost\u00e9opathique de la grossesse\u2026<\/li>\n<li>Le syst\u00e8me O.R.L. et c\u00e9phalique : rhinites, sinusites chroniques, vertiges, bourdonnements, c\u00e9phal\u00e9es, migraines\u2026<\/li>\n<li>Les s\u00e9quelles de traumatismes : accidents de voiture, fractures, chutes et chocs sur toutes les parties du corps, cr\u00e2ne et coccyx notamment\u2026<\/li>\n<li>Le nourrisson et l\u2019enfant : l\u2019\u00e9preuve de la naissance peut constituer le premier traumatisme et peut \u00eatre \u00e0 l\u2019origine de pathologies aussi diverses que fr\u00e9quentes comme strabisme, reflux gastro-oesophagien, rhinites chroniques, otites chroniques, troubles du comportement ou du sommeil, dyslexie et, en grandissant, attitudes scoliotiques ou mauvaise occlusion dentaire\u2026<\/li>\n<\/ul>\n<p>L\u2019ost\u00e9opathe dispose de diff\u00e9rentes approches th\u00e9rapeutiques qu\u2019il consid\u00e8re adapt\u00e9es aux besoins sp\u00e9cifiques du patient, \u00e0 ses propres affinit\u00e9s et \u00e0 ses propres connaissances. On distingue parmi celles-ci:<\/p>\n<ul>\n<li>Les techniques de mobilisation articulaire passive lente\u00a0: technique g\u00e9n\u00e9rale ost\u00e9opathique, techniques fonctionnelles directes ou indirectes,\u00a0etc.<\/li>\n<li>Les techniques de mobilisation articulaires actives\u00a0: technique de Mitchell,\u00a0etc.<\/li>\n<li>Les techniques de mobilisation articulaire mixtes\u00a0: techniques de Sutherland,\u00a0etc.<\/li>\n<li>Les techniques r\u00e9flexes\u00a0: \u00a0points triggers, traitements neuro-musculaires,\u00a0etc.<\/li>\n<li>Des techniques de mobilisation des structures molles et p\u00e9ri-osseuses\u00a0: cr\u00e2nien, visc\u00e9ral, facial,\u00a0etc.<\/li>\n<li>Des techniques liquidiennes, sans manipulations et concernant toutes les structures du corps<\/li>\n<\/ul>\n<p>Ajustement nutritif :<\/p>\n<p>Des substances nutritives mal assimil\u00e9es par l\u2019organisme ou toxiques provoquent une perturbation de sa physiologie. Sans se substituer aux nutritionnistes, l\u2019ajustement nutritif\u00a0 ost\u00e9opathique consiste \u00e0 proposer une correction des d\u00e9fauts alimentaires\u00a0: soit une diminution des aliments \u00e0 fort pouvoir toxinique, soit une compl\u00e9mentation des apports en cas de carence.<\/p>\n<p><strong>LA MASSO-KIN\u00c9SITH\u00c9RAPIE<\/strong><\/p>\n<p>La masso-kin\u00e9sith\u00e9rapie est la th\u00e9rapie de la gestuelle humaine. Elle utilise le mouvement ou, au contraire corrige et r\u00e9duit le mouvement, par diff\u00e9rentes techniques ou par la pose d\u2019une contention, afin de rendre au corps une fonction qui s\u2019est alt\u00e9r\u00e9e.<\/p>\n<p>La kin\u00e9sith\u00e9rapie signifie traitement par le mouvement. Elle agit au niveau musculaire et articulaire. Les techniques sont utilis\u00e9es dans le but de la r\u00e9\u00e9ducation du mouvement et ainsi que de la posture de la personne.<\/p>\n<p>Un des actes de la masso-kin\u00e9sith\u00e9rapie est le massage, c\u2019est-\u00e0-dire la sollicitation des tissus (muscles, tendons ou encore tissus sous-cutan\u00e9s) du patient par diff\u00e9rentes techniques manuelles. La kin\u00e9sith\u00e9rapie utilise diff\u00e9rents moyens physiques (la chaleur, le froid, des courants \u00e9lectriques, des ultrasons) afin de r\u00e9duire la pr\u00e9vention, connexes \u00e0 celles de l\u2019<a href=\"https:\/\/fr.wikipedia.org\/wiki\/Ergonomie\">ergonomie<\/a>\u00a0et\u00a0<a href=\"https:\/\/fr.wikipedia.org\/wiki\/Ergoth%C3%A9rapie\">ergoth\u00e9rapie<\/a>, afin de favoriser ou de rendre autonome une personne dans ses actes de la vie quotidienne, d\u2019adapter le poste de travail d\u2019une personne, par exemple dans le cadre de la pr\u00e9vention des maladies professionnelles ou encore afin de former le personnel manipulant des charges importantes.<\/p>\n<p>La masso-kin\u00e9sith\u00e9rapie concerne \u00e9galement les techniques de kin\u00e9sith\u00e9rapie respiratoire des nourrissons atteints de\u00a0<a href=\"https:\/\/fr.wikipedia.org\/wiki\/Bronchiolite\">bronchiolite<\/a>, pour aider \u00e0 l\u2019entretien des volumes et des cin\u00e8ses ainsi qu\u2019au d\u00e9sencombrement , et la r\u00e9alisation d\u2019une contention \u00e9lastique (<em>strapping<\/em>), souple (soutien du bras, bandage coude au corps) ou rigide (corset pour immobilisation du\u00a0<a href=\"https:\/\/fr.wikipedia.org\/wiki\/Colonne_vert%C3%A9brale\">rachis<\/a>).<\/p>\n<p>les techniques kin\u00e9sitherapiques propos\u00e9es au cabinet sont:<\/p>\n<ul>\n<li>les massages, dont le drainage lymphatique manuel\u00a0\u00a0;<\/li>\n<li>la kin\u00e9sith\u00e9rapie respiratoire de l\u2019adulte et de l\u2019enfant\u00a0;<\/li>\n<li>les postures, les \u00e9tirements musculo-tendineux et les mobilisations articulaires ;<\/li>\n<li>le renforcement musculaire (sportif ou post-traumatique)\u00a0;<\/li>\n<li>la r\u00e9alisation et application de contentions souples, adh\u00e9sives ou non, d\u2019appareils temporaires de r\u00e9\u00e9ducation et d\u2019appareils de postures\u00a0;<\/li>\n<li>la r\u00e9\u00e9ducation sensorielle-motrice (s\u2019adresse plus particuli\u00e8rement aux troubles neurologiques)\u00a0;<\/li>\n<li>la r\u00e9\u00e9ducation des troubles de l\u2019\u00e9quilibre \u00a0;<\/li>\n<li>les diff\u00e9rentes techniques de physioth\u00e9rapie\u00a0:<\/li>\n<li>l\u2019\u00e9lectroth\u00e9rapie<\/li>\n<li>utilisation des ondes m\u00e9caniques comme les\u00a0ultrasons\u00a0;<\/li>\n<li>courant d\u2019electrostimulation\u00a0antalgique et excito-moteur\u00a0;<\/li>\n<li>la r\u00e9\u00e9ducation p\u00e9rin\u00e9o-v\u00e9sico-sphinct\u00e9rienne<\/li>\n<\/ul>\n","protected":false},"excerpt":{"rendered":"<p>L&rsquo;OST\u00c9OPATHIE L\u2019ost\u00e9opathie\u00a0est une m\u00e9thode de soins qui s\u2019emploie \u00e0\u00a0d\u00e9terminer et \u00e0\u00a0traiter les restrictions de mobilit\u00e9 qui peuvent affecter l\u2019ensemble des structures composant le corps humain. Toute perte de mobilit\u00e9 des articulations, des muscles, des ligaments ou des visc\u00e8res peut provoquer&#8230;<\/p>\n","protected":false},"author":1,"featured_media":0,"parent":0,"menu_order":4,"comment_status":"closed","ping_status":"closed","template":"","meta":[],"_links":{"self":[{"href":"https:\/\/kine-osteo-nantes.com\/index.php\/wp-json\/wp\/v2\/pages\/104"}],"collection":[{"href":"https:\/\/kine-osteo-nantes.com\/index.php\/wp-json\/wp\/v2\/pages"}],"about":[{"href":"https:\/\/kine-osteo-nantes.com\/index.php\/wp-json\/wp\/v2\/types\/page"}],"author":[{"embeddable":true,"href":"https:\/\/kine-osteo-nantes.com\/index.php\/wp-json\/wp\/v2\/users\/1"}],"replies":[{"embeddable":true,"href":"https:\/\/kine-osteo-nantes.com\/index.php\/wp-json\/wp\/v2\/comments?post=104"}],"version-history":[{"count":1,"href":"https:\/\/kine-osteo-nantes.com\/index.php\/wp-json\/wp\/v2\/pages\/104\/revisions"}],"predecessor-version":[{"id":106,"href":"https:\/\/kine-osteo-nantes.com\/index.php\/wp-json\/wp\/v2\/pages\/104\/revisions\/106"}],"wp:attachment":[{"href":"https:\/\/kine-osteo-nantes.com\/index.php\/wp-json\/wp\/v2\/media?parent=104"}],"curies":[{"name":"wp","href":"https:\/\/api.w.org\/{rel}","templated":true}]}}