{"id":107,"date":"2018-05-22T21:52:16","date_gmt":"2018-05-22T19:52:16","guid":{"rendered":"http:\/\/kine-osteo-nantes.com\/?page_id=107"},"modified":"2018-05-22T22:13:28","modified_gmt":"2018-05-22T20:13:28","slug":"fiches-memo","status":"publish","type":"page","link":"https:\/\/kine-osteo-nantes.com\/index.php\/fiches-memo\/","title":{"rendered":"Fiches m\u00e9mo"},"content":{"rendered":"<p>Cette page regroupe un ensemble de fiches m\u00e9mo pour pr\u00e9parer et\/ou accompagner les soins re\u00e7us.<\/p>\n","protected":false},"excerpt":{"rendered":"<p>Cette page regroupe un ensemble de fiches m\u00e9mo pour pr\u00e9parer et\/ou accompagner les soins re\u00e7us.<\/p>\n","protected":false},"author":2,"featured_media":0,"parent":0,"menu_order":5,"comment_status":"closed","ping_status":"closed","template":"","meta":[],"_links":{"self":[{"href":"https:\/\/kine-osteo-nantes.com\/index.php\/wp-json\/wp\/v2\/pages\/107"}],"collection":[{"href":"https:\/\/kine-osteo-nantes.com\/index.php\/wp-json\/wp\/v2\/pages"}],"about":[{"href":"https:\/\/kine-osteo-nantes.com\/index.php\/wp-json\/wp\/v2\/types\/page"}],"author":[{"embeddable":true,"href":"https:\/\/kine-osteo-nantes.com\/index.php\/wp-json\/wp\/v2\/users\/2"}],"replies":[{"embeddable":true,"href":"https:\/\/kine-osteo-nantes.com\/index.php\/wp-json\/wp\/v2\/comments?post=107"}],"version-history":[{"count":1,"href":"https:\/\/kine-osteo-nantes.com\/index.php\/wp-json\/wp\/v2\/pages\/107\/revisions"}],"predecessor-version":[{"id":109,"href":"https:\/\/kine-osteo-nantes.com\/index.php\/wp-json\/wp\/v2\/pages\/107\/revisions\/109"}],"wp:attachment":[{"href":"https:\/\/kine-osteo-nantes.com\/index.php\/wp-json\/wp\/v2\/media?parent=107"}],"curies":[{"name":"wp","href":"https:\/\/api.w.org\/{rel}","templated":true}]}}