{"id":2,"date":"2017-12-26T09:24:22","date_gmt":"2017-12-26T08:24:22","guid":{"rendered":"http:\/\/kine-osteo-nantes.com\/?page_id=2"},"modified":"2019-07-15T15:46:44","modified_gmt":"2019-07-15T13:46:44","slug":"page-d-exemple","status":"publish","type":"page","link":"https:\/\/kine-osteo-nantes.com\/","title":{"rendered":"Accueil"},"content":{"rendered":"<p align=\"JUSTIFY\"><span style=\"color: #262626;\"><span style=\"font-family: Helvetica, sans-serif;\"><span style=\"font-size: large;\">Le cabinet de <\/span><\/span><\/span><span style=\"color: #262626;\"><span style=\"font-family: Helvetica, sans-serif;\"><span style=\"font-size: large;\"><b>Kin\u00e9sith\u00e9rapie et d&rsquo;Ost\u00e9opathie<\/b><\/span><\/span><\/span><span style=\"color: #262626;\"><span style=\"font-family: Helvetica, sans-serif;\"><span style=\"font-size: large;\"> est situ\u00e9 au 1 rue Kl\u00e9ber \u00e0 Nantes (\u00e0 proximit\u00e9 du mus\u00e9e Dobr\u00e9e), non loin de la rue Racine et tout pr\u00e8s de la place Graslin.<\/span><\/span><\/span><\/p>\n<p align=\"JUSTIFY\"><span style=\"color: #262626;\"><span style=\"font-family: Helvetica, sans-serif;\"><span style=\"font-size: large;\">Une \u00e9quipe comp\u00e9tente et dynamique vous accueille du lundi au vendredi.<\/span><\/span><\/span><\/p>\n<p align=\"JUSTIFY\"><span style=\"color: #262626;\"><span style=\"font-family: Helvetica, sans-serif;\"><span style=\"font-size: large;\">Nous prenons les rendez-vous par Doctolib ou par t\u00e9l\u00e9phone <\/span><\/span><\/span><span style=\"color: #262626;\"><span style=\"font-family: Helvetica, sans-serif;\"><span style=\"font-size: large;\">(02 40 34 92 58).<\/span><\/span><\/span><\/p>\n<figure id=\"attachment_144\" aria-describedby=\"caption-attachment-144\" style=\"width: 300px\" class=\"wp-caption aligncenter\"><a href=\"https:\/\/www.doctolib.fr\/masseur-kinesitherapeute\/nantes\/nadege-le-floch\" target=\"_blank\" rel=\"noopener noreferrer\"><img loading=\"lazy\" class=\"wp-image-144 size-medium\" src=\"http:\/\/kine-osteo-nantes.com\/wp-content\/uploads\/2019\/07\/Doctolib-300x112.png\" alt=\"Doctolib\" width=\"300\" height=\"112\" srcset=\"https:\/\/kine-osteo-nantes.com\/wp-content\/uploads\/2019\/07\/Doctolib-300x112.png 300w, https:\/\/kine-osteo-nantes.com\/wp-content\/uploads\/2019\/07\/Doctolib.png 334w\" sizes=\"(max-width: 300px) 100vw, 300px\" \/><\/a><figcaption id=\"caption-attachment-144\" class=\"wp-caption-text\">Cliquez sur le logo pour prendre rendez-vous via Doctolib<\/figcaption><\/figure>\n<p><span style=\"color: #262626;\"><span style=\"font-family: Helvetica, sans-serif;\"><span style=\"font-size: large;\">Plan d&rsquo;acc\u00e8s <\/span><\/span><\/span>:<\/p>\n<figure id=\"attachment_32\" aria-describedby=\"caption-attachment-32\" style=\"width: 857px\" class=\"wp-caption aligncenter\"><a href=\"https:\/\/waze.com\/ul?ll=47.213526, -1.565587\"><img loading=\"lazy\" class=\"wp-image-32 size-full\" src=\"http:\/\/kine-osteo-nantes.com\/wp-content\/uploads\/2017\/12\/plankleber.png\" alt=\"\" width=\"857\" height=\"427\" srcset=\"https:\/\/kine-osteo-nantes.com\/wp-content\/uploads\/2017\/12\/plankleber.png 857w, https:\/\/kine-osteo-nantes.com\/wp-content\/uploads\/2017\/12\/plankleber-300x149.png 300w, https:\/\/kine-osteo-nantes.com\/wp-content\/uploads\/2017\/12\/plankleber-768x383.png 768w\" sizes=\"(max-width: 857px) 100vw, 857px\" \/><\/a><figcaption id=\"caption-attachment-32\" class=\"wp-caption-text\">Cliquez pour lancer Waze<\/figcaption><\/figure>\n<p align=\"JUSTIFY\"><span style=\"color: #262626;\"><span style=\"font-family: Helvetica, sans-serif;\"><span style=\"font-size: large;\">Cette \u00e9quipe est form\u00e9e de praticiens dipl\u00f4m\u00e9s et ayant exerc\u00e9 plusieurs ann\u00e9es dans des cabinets et h\u00f4pitaux.<\/span><\/span><\/span><\/p>\n<p align=\"JUSTIFY\"><span style=\"color: #262626;\"><span style=\"font-family: Helvetica, sans-serif;\"><span style=\"font-size: large;\">La therapie manuelle, l&rsquo;analyse du mouvement et l&rsquo;\u00e9coute du patient sont au coeur de la pratique du cabinet.\u00a0<\/span><\/span><\/span><\/p>\n<p align=\"JUSTIFY\"><span style=\"color: #262626;\"><span style=\"font-family: Helvetica, sans-serif;\"><span style=\"font-size: large;\">Vous trouverez chez les <\/span><\/span><\/span><span style=\"color: #262626;\"><span style=\"font-family: Helvetica, sans-serif;\"><span style=\"font-size: large;\"><b>Kin\u00e9s de la rue Kl\u00e9ber<\/b><\/span><\/span><\/span><span style=\"color: #262626;\"><span style=\"font-family: Helvetica, sans-serif;\"><span style=\"font-size: large;\">, le th\u00e9rapeute dont la sp\u00e9cialisation r\u00e9pondra au plus pr\u00e8s des besoins adapt\u00e9s au traitement de votre pathologie.<\/span><\/span><\/span><\/p>\n<p align=\"JUSTIFY\"><span style=\"color: #262626;\"><span style=\"font-family: Helvetica, sans-serif;\"><span style=\"font-size: large;\">Outre la technicit\u00e9 et la comp\u00e9tence de notre \u00e9quipe, nous mettons un accent tout particulier \u00e0 la qualit\u00e9 de l&rsquo;accueil de nos clients.<\/span><\/span><\/span><\/p>\n","protected":false},"excerpt":{"rendered":"<p>Le cabinet de Kin\u00e9sith\u00e9rapie et d&rsquo;Ost\u00e9opathie est situ\u00e9 au 1 rue Kl\u00e9ber \u00e0 Nantes (\u00e0 proximit\u00e9 du mus\u00e9e Dobr\u00e9e), non loin de la rue Racine et tout pr\u00e8s de la place Graslin. Une \u00e9quipe comp\u00e9tente et dynamique vous accueille du&#8230;<\/p>\n","protected":false},"author":1,"featured_media":0,"parent":0,"menu_order":0,"comment_status":"closed","ping_status":"open","template":"","meta":[],"_links":{"self":[{"href":"https:\/\/kine-osteo-nantes.com\/index.php\/wp-json\/wp\/v2\/pages\/2"}],"collection":[{"href":"https:\/\/kine-osteo-nantes.com\/index.php\/wp-json\/wp\/v2\/pages"}],"about":[{"href":"https:\/\/kine-osteo-nantes.com\/index.php\/wp-json\/wp\/v2\/types\/page"}],"author":[{"embeddable":true,"href":"https:\/\/kine-osteo-nantes.com\/index.php\/wp-json\/wp\/v2\/users\/1"}],"replies":[{"embeddable":true,"href":"https:\/\/kine-osteo-nantes.com\/index.php\/wp-json\/wp\/v2\/comments?post=2"}],"version-history":[{"count":22,"href":"https:\/\/kine-osteo-nantes.com\/index.php\/wp-json\/wp\/v2\/pages\/2\/revisions"}],"predecessor-version":[{"id":152,"href":"https:\/\/kine-osteo-nantes.com\/index.php\/wp-json\/wp\/v2\/pages\/2\/revisions\/152"}],"wp:attachment":[{"href":"https:\/\/kine-osteo-nantes.com\/index.php\/wp-json\/wp\/v2\/media?parent=2"}],"curies":[{"name":"wp","href":"https:\/\/api.w.org\/{rel}","templated":true}]}}