{"id":98,"date":"2018-05-22T21:50:37","date_gmt":"2018-05-22T19:50:37","guid":{"rendered":"http:\/\/kine-osteo-nantes.com\/?page_id=98"},"modified":"2018-05-22T22:12:32","modified_gmt":"2018-05-22T20:12:32","slug":"gymnastique-dentretien","status":"publish","type":"page","link":"https:\/\/kine-osteo-nantes.com\/index.php\/gymnastique-dentretien\/","title":{"rendered":"Gymnastique d\u2019entretien"},"content":{"rendered":"<p>Nouveaut\u00e9 \u00e0 partir de septembre 2018.<\/p>\n<p>Madame Le Floch propose des cours de gymnastique d\u2019entretien adapt\u00e9s \u00e0 toutes pathologies.<br \/>\nCes cours vont de une \u00e0 trois personnes.<\/p>\n<p>Pour plus d\u2019information, merci de prendre contact.<\/p>\n","protected":false},"excerpt":{"rendered":"<p>Nouveaut\u00e9 \u00e0 partir de septembre 2018. Madame Le Floch propose des cours de gymnastique d\u2019entretien adapt\u00e9s \u00e0 toutes pathologies. Ces cours vont de une \u00e0 trois personnes. Pour plus d\u2019information, merci de prendre contact.<\/p>\n","protected":false},"author":1,"featured_media":0,"parent":0,"menu_order":3,"comment_status":"closed","ping_status":"closed","template":"","meta":[],"_links":{"self":[{"href":"https:\/\/kine-osteo-nantes.com\/index.php\/wp-json\/wp\/v2\/pages\/98"}],"collection":[{"href":"https:\/\/kine-osteo-nantes.com\/index.php\/wp-json\/wp\/v2\/pages"}],"about":[{"href":"https:\/\/kine-osteo-nantes.com\/index.php\/wp-json\/wp\/v2\/types\/page"}],"author":[{"embeddable":true,"href":"https:\/\/kine-osteo-nantes.com\/index.php\/wp-json\/wp\/v2\/users\/1"}],"replies":[{"embeddable":true,"href":"https:\/\/kine-osteo-nantes.com\/index.php\/wp-json\/wp\/v2\/comments?post=98"}],"version-history":[{"count":1,"href":"https:\/\/kine-osteo-nantes.com\/index.php\/wp-json\/wp\/v2\/pages\/98\/revisions"}],"predecessor-version":[{"id":100,"href":"https:\/\/kine-osteo-nantes.com\/index.php\/wp-json\/wp\/v2\/pages\/98\/revisions\/100"}],"wp:attachment":[{"href":"https:\/\/kine-osteo-nantes.com\/index.php\/wp-json\/wp\/v2\/media?parent=98"}],"curies":[{"name":"wp","href":"https:\/\/api.w.org\/{rel}","templated":true}]}}